{"id":14806,"date":"2026-04-22T11:20:46","date_gmt":"2026-04-22T09:20:46","guid":{"rendered":"https:\/\/easypay.al\/?page_id=14806"},"modified":"2026-04-22T11:21:20","modified_gmt":"2026-04-22T09:21:20","slug":"politikat-e-cookies","status":"publish","type":"page","link":"https:\/\/easypay.al\/en\/politikat-e-cookies\/","title":{"rendered":"Politikat e Cookies"},"content":{"rendered":"<p>Kjo faqe web p\u00ebrdor <strong><em>cookies<\/em><\/strong> p\u00ebr t\u00eb p\u00ebrmir\u00ebsuar p\u00ebrvoj\u00ebn e p\u00ebrdoruesit dhe p\u00ebr t\u00eb siguruar funksionimin korrekt t\u00eb sh\u00ebrbimeve tona.<\/p>\n\n\n\n<h2 class=\"wp-block-heading\">\u00c7far\u00eb jan\u00eb cookies?<\/h2>\n\n\n\n<p>Cookies jan\u00eb skedar\u00eb t\u00eb vegj\u00ebl tekstual\u00eb q\u00eb ruhen n\u00eb pajisjen tuaj (kompjuter, telefon apo tablet) kur vizitoni nj\u00eb faqe interneti. Ato ndihmojn\u00eb faqen t\u00eb kujtoj\u00eb veprimet dhe preferencat tuaja (si gjuha, login, apo cil\u00ebsimet e tjera) p\u00ebr nj\u00eb periudh\u00eb t\u00eb caktuar kohe.<\/p>\n\n\n\n<h2 class=\"wp-block-heading\">Si i p\u00ebrdorim cookies?<\/h2>\n\n\n\n<p>Ne p\u00ebrdorim cookies p\u00ebr q\u00ebllimet e m\u00ebposhtme:<\/p>\n\n\n\n<ul class=\"wp-block-list\">\n<li>P\u00ebr funksionimin baz\u00eb t\u00eb faqes (cookies thelb\u00ebsore)<\/li>\n\n\n\n<li>P\u00ebr analizimin e trafikut dhe p\u00ebrdorimit t\u00eb faqes<\/li>\n\n\n\n<li>P\u00ebr p\u00ebrmir\u00ebsimin e p\u00ebrvoj\u00ebs s\u00eb p\u00ebrdoruesit<\/li>\n\n\n\n<li>P\u00ebr ruajtjen e preferencave tuaja<\/li>\n<\/ul>\n\n\n\n<h2 class=\"wp-block-heading\">\u00c7far\u00eb t\u00eb dh\u00ebnash mund t\u00eb mblidhen?<\/h2>\n\n\n\n<p>P\u00ebrmes cookies mund t\u00eb mblidhen k\u00ebto lloje t\u00eb dh\u00ebnash:<\/p>\n\n\n\n<ul class=\"wp-block-list\">\n<li>Adresa IP (n\u00eb form\u00eb t\u00eb pjesshme ose t\u00eb anonimizuar)<\/li>\n\n\n\n<li>Lloji i pajisjes dhe shfletuesit<\/li>\n\n\n\n<li>Faqet e vizituara dhe koha e q\u00ebndrimit<\/li>\n\n\n\n<li>Preferencat e p\u00ebrdoruesit n\u00eb faqe<\/li>\n\n\n\n<li>T\u00eb dh\u00ebna statistikore p\u00ebr p\u00ebrdorimin e faqes<\/li>\n<\/ul>\n\n\n\n<p>K\u00ebto t\u00eb dh\u00ebna p\u00ebrdoren vet\u00ebm p\u00ebr q\u00ebllime statistikore dhe p\u00ebr p\u00ebrmir\u00ebsimin e sh\u00ebrbimeve tona, dhe nuk p\u00ebrdoren p\u00ebr identifikim personal pa p\u00eblqimin tuaj t\u00eb qart\u00eb.<\/p>\n\n\n\n<h2 class=\"wp-block-heading has-black-color has-text-color has-link-color wp-elements-fd14a0f075c4d10e415a6f2eb8f0b253\">Menaxhimi i cookies<\/h2>\n\n\n\n<p class=\"has-black-color has-text-color has-link-color wp-elements-c62a72b2f160235331828e478a60d4ad\">Ju mund t\u00eb kontrolloni dhe\/ose fshini cookies sipas d\u00ebshir\u00ebs. Mund t\u00eb ndryshoni cil\u00ebsimet e shfletuesit tuaj p\u00ebr t\u00eb refuzuar cookies ose p\u00ebr t\u2019ju njoftuar kur ato p\u00ebrdoren. Megjithat\u00eb, disa funksione t\u00eb faqes mund t\u00eb mos funksionojn\u00eb si\u00e7 duhet n\u00ebse cookies \u00e7aktivizohen.<\/p>","protected":false},"excerpt":{"rendered":"<p>Kjo faqe web p\u00ebrdor cookies p\u00ebr t\u00eb p\u00ebrmir\u00ebsuar p\u00ebrvoj\u00ebn e p\u00ebrdoruesit dhe p\u00ebr t\u00eb siguruar funksionimin korrekt t\u00eb sh\u00ebrbimeve tona. \u00c7far\u00eb jan\u00eb cookies? Cookies jan\u00eb skedar\u00eb t\u00eb vegj\u00ebl tekstual\u00eb q\u00eb ruhen n\u00eb pajisjen tuaj (kompjuter, telefon apo tablet) kur vizitoni nj\u00eb faqe interneti. Ato ndihmojn\u00eb faqen t\u00eb kujtoj\u00eb veprimet dhe preferencat tuaja (si gjuha, login, [&hellip;]<\/p>\n","protected":false},"author":4,"featured_media":0,"parent":0,"menu_order":0,"comment_status":"closed","ping_status":"closed","template":"politikat-privatesise.php","meta":{"_acf_changed":false,"_editorskit_title_hidden":false,"_editorskit_reading_time":0,"_editorskit_is_block_options_detached":false,"_editorskit_block_options_position":"{}","_monsterinsights_skip_tracking":false,"_monsterinsights_sitenote_active":false,"_monsterinsights_sitenote_note":"","_monsterinsights_sitenote_category":0,"_uf_show_specific_survey":0,"_uf_disable_surveys":false,"iawp_total_views":4,"footnotes":""},"class_list":["post-14806","page","type-page","status-publish","hentry"],"acf":[],"aioseo_notices":[],"_links":{"self":[{"href":"https:\/\/easypay.al\/en\/wp-json\/wp\/v2\/pages\/14806","targetHints":{"allow":["GET"]}}],"collection":[{"href":"https:\/\/easypay.al\/en\/wp-json\/wp\/v2\/pages"}],"about":[{"href":"https:\/\/easypay.al\/en\/wp-json\/wp\/v2\/types\/page"}],"author":[{"embeddable":true,"href":"https:\/\/easypay.al\/en\/wp-json\/wp\/v2\/users\/4"}],"replies":[{"embeddable":true,"href":"https:\/\/easypay.al\/en\/wp-json\/wp\/v2\/comments?post=14806"}],"version-history":[{"count":2,"href":"https:\/\/easypay.al\/en\/wp-json\/wp\/v2\/pages\/14806\/revisions"}],"predecessor-version":[{"id":14808,"href":"https:\/\/easypay.al\/en\/wp-json\/wp\/v2\/pages\/14806\/revisions\/14808"}],"wp:attachment":[{"href":"https:\/\/easypay.al\/en\/wp-json\/wp\/v2\/media?parent=14806"}],"curies":[{"name":"wp","href":"https:\/\/api.w.org\/{rel}","templated":true}]}}